{"id":19,"date":"2019-03-27T12:18:38","date_gmt":"2019-03-27T12:18:38","guid":{"rendered":"https:\/\/cosmo-tel.padia.de\/?page_id=19"},"modified":"2019-04-30T16:02:06","modified_gmt":"2019-04-30T16:02:06","slug":"geschaeftskunden","status":"publish","type":"page","link":"https:\/\/cosmo-tel.de\/?page_id=19","title":{"rendered":"Gesch\u00e4ftskunden"},"content":{"rendered":"\t\t<div data-elementor-type=\"wp-post\" data-elementor-id=\"19\" class=\"elementor elementor-19\">\n\t\t\t\t\t\t<div class=\"elementor-inner\">\n\t\t\t\t<div class=\"elementor-section-wrap\">\n\t\t\t\t\t\t\t\t\t<section class=\"elementor-section elementor-top-section elementor-element elementor-element-0356b30 elementor-section-boxed elementor-section-height-default elementor-section-height-default\" data-id=\"0356b30\" data-element_type=\"section\">\n\t\t\t\t\t\t<div class=\"elementor-container elementor-column-gap-default\">\n\t\t\t\t\t\t\t<div class=\"elementor-row\">\n\t\t\t\t\t<div class=\"elementor-column elementor-col-100 elementor-top-column elementor-element elementor-element-06c6338\" data-id=\"06c6338\" data-element_type=\"column\">\n\t\t\t<div class=\"elementor-column-wrap elementor-element-populated\">\n\t\t\t\t\t\t\t<div class=\"elementor-widget-wrap\">\n\t\t\t\t\t\t<div class=\"elementor-element elementor-element-8739c7e elementor-widget elementor-widget-image\" data-id=\"8739c7e\" data-element_type=\"widget\" data-widget_type=\"image.default\">\n\t\t\t\t<div class=\"elementor-widget-container\">\n\t\t\t\t\t\t\t\t<div class=\"elementor-image\">\n\t\t\t\t\t\t\t\t\t\t\t\t<img loading=\"lazy\" decoding=\"async\" width=\"980\" height=\"360\" src=\"https:\/\/cosmo-tel.de\/wp-content\/uploads\/2019\/04\/slider-3-980x360.png\" class=\"attachment-full size-full wp-image-304\" alt=\"\" srcset=\"https:\/\/cosmo-tel.de\/wp-content\/uploads\/2019\/04\/slider-3-980x360.png 980w, https:\/\/cosmo-tel.de\/wp-content\/uploads\/2019\/04\/slider-3-980x360-300x110.png 300w, https:\/\/cosmo-tel.de\/wp-content\/uploads\/2019\/04\/slider-3-980x360-768x282.png 768w\" sizes=\"auto, (max-width: 980px) 100vw, 980px\" \/>\t\t\t\t\t\t\t\t\t\t\t\t\t\t<\/div>\n\t\t\t\t\t\t<\/div>\n\t\t\t\t<\/div>\n\t\t\t\t\t\t<\/div>\n\t\t\t\t\t<\/div>\n\t\t<\/div>\n\t\t\t\t\t\t\t\t<\/div>\n\t\t\t\t\t<\/div>\n\t\t<\/section>\n\t\t\t\t<section class=\"elementor-section elementor-top-section elementor-element elementor-element-4aabdee elementor-section-boxed elementor-section-height-default elementor-section-height-default\" data-id=\"4aabdee\" data-element_type=\"section\">\n\t\t\t\t\t\t<div class=\"elementor-container elementor-column-gap-default\">\n\t\t\t\t\t\t\t<div class=\"elementor-row\">\n\t\t\t\t\t<div class=\"elementor-column elementor-col-100 elementor-top-column elementor-element elementor-element-c33fd5f\" data-id=\"c33fd5f\" data-element_type=\"column\">\n\t\t\t<div class=\"elementor-column-wrap elementor-element-populated\">\n\t\t\t\t\t\t\t<div class=\"elementor-widget-wrap\">\n\t\t\t\t\t\t<div class=\"elementor-element elementor-element-61f802c elementor-widget elementor-widget-text-editor\" data-id=\"61f802c\" data-element_type=\"widget\" data-widget_type=\"text-editor.default\">\n\t\t\t\t<div class=\"elementor-widget-container\">\n\t\t\t\t\t\t\t\t<div class=\"elementor-text-editor elementor-clearfix\">\n\t\t\t\t<div class=\"elementor-container elementor-column-gap-default\"><div class=\"elementor-row\"><div class=\"elementor-element elementor-element-37dbbcfd elementor-column elementor-col-100 elementor-top-column\" data-id=\"37dbbcfd\" data-element_type=\"column\"><div class=\"elementor-column-wrap  elementor-element-populated\"><div class=\"elementor-widget-wrap\"><div class=\"elementor-element elementor-element-e7de6d0 elementor-widget elementor-widget-heading\" data-id=\"e7de6d0\" data-element_type=\"heading.default\"><h1 class=\"elementor-widget-container\">SELBSTST\u00c4NDIGE, FREIBERUFLER, KLEINE FIRMEN ODER GRO\u00dfE UNTERNHEMEN<\/h1><\/div><div class=\"elementor-element elementor-element-2a97512 elementor-widget elementor-widget-heading\" data-id=\"2a97512\" data-element_type=\"heading.default\"><h1 class=\"elementor-widget-container\">Individuelle L\u00f6sungen &amp; Angebote<\/h1><\/div><\/div><\/div><\/div><\/div><\/div>\t\t\t\t\t<\/div>\n\t\t\t\t\t\t<\/div>\n\t\t\t\t<\/div>\n\t\t\t\t\t\t<\/div>\n\t\t\t\t\t<\/div>\n\t\t<\/div>\n\t\t\t\t\t\t\t\t<\/div>\n\t\t\t\t\t<\/div>\n\t\t<\/section>\n\t\t\t\t\t\t\t\t\t<\/div>\n\t\t\t<\/div>\n\t\t\t\t\t<\/div>\n\t\t","protected":false},"excerpt":{"rendered":"<p>SELBSTST\u00c4NDIGE, FREIBERUFLER, KLEINE FIRMEN ODER GRO\u00dfE UNTERNHEMEN Individuelle L\u00f6sungen &amp; Angebote<\/p>\n","protected":false},"author":1,"featured_media":0,"parent":0,"menu_order":0,"comment_status":"closed","ping_status":"closed","template":"","meta":{"footnotes":""},"class_list":["post-19","page","type-page","status-publish","hentry"],"_links":{"self":[{"href":"https:\/\/cosmo-tel.de\/index.php?rest_route=\/wp\/v2\/pages\/19","targetHints":{"allow":["GET"]}}],"collection":[{"href":"https:\/\/cosmo-tel.de\/index.php?rest_route=\/wp\/v2\/pages"}],"about":[{"href":"https:\/\/cosmo-tel.de\/index.php?rest_route=\/wp\/v2\/types\/page"}],"author":[{"embeddable":true,"href":"https:\/\/cosmo-tel.de\/index.php?rest_route=\/wp\/v2\/users\/1"}],"replies":[{"embeddable":true,"href":"https:\/\/cosmo-tel.de\/index.php?rest_route=%2Fwp%2Fv2%2Fcomments&post=19"}],"version-history":[{"count":4,"href":"https:\/\/cosmo-tel.de\/index.php?rest_route=\/wp\/v2\/pages\/19\/revisions"}],"predecessor-version":[{"id":307,"href":"https:\/\/cosmo-tel.de\/index.php?rest_route=\/wp\/v2\/pages\/19\/revisions\/307"}],"wp:attachment":[{"href":"https:\/\/cosmo-tel.de\/index.php?rest_route=%2Fwp%2Fv2%2Fmedia&parent=19"}],"curies":[{"name":"wp","href":"https:\/\/api.w.org\/{rel}","templated":true}]}}