{"id":51,"date":"2019-03-27T16:06:02","date_gmt":"2019-03-27T16:06:02","guid":{"rendered":"https:\/\/cosmo-tel.padia.de\/?page_id=51"},"modified":"2019-04-25T12:20:09","modified_gmt":"2019-04-25T12:20:09","slug":"vision","status":"publish","type":"page","link":"https:\/\/cosmo-tel.de\/?page_id=51","title":{"rendered":"Vision"},"content":{"rendered":"\t\t<div data-elementor-type=\"wp-post\" data-elementor-id=\"51\" class=\"elementor elementor-51\">\n\t\t\t\t\t\t<div class=\"elementor-inner\">\n\t\t\t\t<div class=\"elementor-section-wrap\">\n\t\t\t\t\t\t\t\t\t<section class=\"elementor-section elementor-top-section elementor-element elementor-element-669fb9d0 elementor-section-boxed elementor-section-height-default elementor-section-height-default\" data-id=\"669fb9d0\" data-element_type=\"section\">\n\t\t\t\t\t\t<div class=\"elementor-container elementor-column-gap-default\">\n\t\t\t\t\t\t\t<div class=\"elementor-row\">\n\t\t\t\t\t<div class=\"elementor-column elementor-col-100 elementor-top-column elementor-element elementor-element-4ccd00ff\" data-id=\"4ccd00ff\" data-element_type=\"column\">\n\t\t\t<div class=\"elementor-column-wrap elementor-element-populated\">\n\t\t\t\t\t\t\t<div class=\"elementor-widget-wrap\">\n\t\t\t\t\t\t<div class=\"elementor-element elementor-element-4158800e elementor-widget elementor-widget-text-editor\" data-id=\"4158800e\" data-element_type=\"widget\" data-widget_type=\"text-editor.default\">\n\t\t\t\t<div class=\"elementor-widget-container\">\n\t\t\t\t\t\t\t\t<div class=\"elementor-text-editor elementor-clearfix\">\n\t\t\t\t<p><!-- wp:heading --><\/p>\n<h2>&nbsp;<\/h2>\n<p><!-- \/wp:heading --><!-- wp:image {\"id\":189} --><\/p>\n<figure class=\"wp-block-image\"><img loading=\"lazy\" decoding=\"async\" width=\"1024\" height=\"683\" class=\"wp-image-189\" src=\"https:\/\/cosmo-tel.padia.de\/wp-content\/uploads\/2019\/04\/IMG_5769-1024x683.jpg\" alt=\"\" srcset=\"https:\/\/cosmo-tel.de\/wp-content\/uploads\/2019\/04\/IMG_5769-1024x683.jpg 1024w, https:\/\/cosmo-tel.de\/wp-content\/uploads\/2019\/04\/IMG_5769-300x200.jpg 300w, https:\/\/cosmo-tel.de\/wp-content\/uploads\/2019\/04\/IMG_5769-768x512.jpg 768w\" sizes=\"auto, (max-width: 1024px) 100vw, 1024px\" \/><\/figure>\n<p><!-- \/wp:image --><!-- wp:paragraph --><\/p>\n<p><br><\/p><p><br><\/p><p>L\u00f6sungskompetenz, Kundenn\u00e4he und zielgerichtetes Handeln &#8211; das sind die Markenzeichen aller Unternehmenszweige der CosmoTel GbR, die wir im Sinne der optimalen Kommunikationsl\u00f6sung f\u00fcr unsere Kunden aus dem Privat- und Gesch\u00e4ftskundenbereich einsetzen. CosmoTel verkn\u00fcpft hochwertige Telekommunikationsprodukte verschiedener Anbieter (z.B. Vodafone, Telekom, Unitymedia, O2 Telefonica, Otelo) mit langj\u00e4hriger Branchenerfahrung.<\/p>\n<p><!-- \/wp:paragraph --><!-- wp:paragraph --><\/p>\n<p>In unserem Fokus steht der Kunde. Das Ziel: Jeden Kunden kompetent und nach seinen Bed\u00fcrfnissen zu beraten und ihn nicht nur zufriedenzustellen, sondern ihn zu einem Fan zu machen.<\/p>\n<p><!-- \/wp:paragraph --><\/p>\t\t\t\t\t<\/div>\n\t\t\t\t\t\t<\/div>\n\t\t\t\t<\/div>\n\t\t\t\t\t\t<\/div>\n\t\t\t\t\t<\/div>\n\t\t<\/div>\n\t\t\t\t\t\t\t\t<\/div>\n\t\t\t\t\t<\/div>\n\t\t<\/section>\n\t\t\t\t\t\t\t\t\t<\/div>\n\t\t\t<\/div>\n\t\t\t\t\t<\/div>\n\t\t","protected":false},"excerpt":{"rendered":"<p>&nbsp; L\u00f6sungskompetenz, Kundenn\u00e4he und zielgerichtetes Handeln &#8211; das sind die Markenzeichen aller Unternehmenszweige der CosmoTel GbR, die wir im Sinne der optimalen Kommunikationsl\u00f6sung f\u00fcr unsere Kunden aus dem Privat- und Gesch\u00e4ftskundenbereich einsetzen. CosmoTel verkn\u00fcpft hochwertige Telekommunikationsprodukte verschiedener Anbieter (z.B. Vodafone, Telekom, Unitymedia, O2 Telefonica, Otelo) mit langj\u00e4hriger Branchenerfahrung. In unserem Fokus steht der Kunde. Das<\/p><\/div>\n<div class=\"blog-btn\"><a href=\"https:\/\/cosmo-tel.de\/?page_id=51\" class=\"home-blog-btn\">Weiterlesen<\/a><\/p>\n","protected":false},"author":1,"featured_media":0,"parent":0,"menu_order":0,"comment_status":"closed","ping_status":"closed","template":"","meta":{"footnotes":""},"class_list":["post-51","page","type-page","status-publish","hentry"],"_links":{"self":[{"href":"https:\/\/cosmo-tel.de\/index.php?rest_route=\/wp\/v2\/pages\/51","targetHints":{"allow":["GET"]}}],"collection":[{"href":"https:\/\/cosmo-tel.de\/index.php?rest_route=\/wp\/v2\/pages"}],"about":[{"href":"https:\/\/cosmo-tel.de\/index.php?rest_route=\/wp\/v2\/types\/page"}],"author":[{"embeddable":true,"href":"https:\/\/cosmo-tel.de\/index.php?rest_route=\/wp\/v2\/users\/1"}],"replies":[{"embeddable":true,"href":"https:\/\/cosmo-tel.de\/index.php?rest_route=%2Fwp%2Fv2%2Fcomments&post=51"}],"version-history":[{"count":5,"href":"https:\/\/cosmo-tel.de\/index.php?rest_route=\/wp\/v2\/pages\/51\/revisions"}],"predecessor-version":[{"id":242,"href":"https:\/\/cosmo-tel.de\/index.php?rest_route=\/wp\/v2\/pages\/51\/revisions\/242"}],"wp:attachment":[{"href":"https:\/\/cosmo-tel.de\/index.php?rest_route=%2Fwp%2Fv2%2Fmedia&parent=51"}],"curies":[{"name":"wp","href":"https:\/\/api.w.org\/{rel}","templated":true}]}}