{"id":53,"date":"2019-03-27T16:06:25","date_gmt":"2019-03-27T16:06:25","guid":{"rendered":"https:\/\/cosmo-tel.padia.de\/?page_id=53"},"modified":"2019-04-25T13:20:22","modified_gmt":"2019-04-25T13:20:22","slug":"portfolio","status":"publish","type":"page","link":"https:\/\/cosmo-tel.de\/?page_id=53","title":{"rendered":"Portfolio"},"content":{"rendered":"\t\t<div data-elementor-type=\"wp-post\" data-elementor-id=\"53\" class=\"elementor elementor-53\">\n\t\t\t\t\t\t<div class=\"elementor-inner\">\n\t\t\t\t<div class=\"elementor-section-wrap\">\n\t\t\t\t\t\t\t\t\t<section class=\"elementor-section elementor-top-section elementor-element elementor-element-51992078 elementor-section-boxed elementor-section-height-default elementor-section-height-default\" data-id=\"51992078\" data-element_type=\"section\">\n\t\t\t\t\t\t<div class=\"elementor-container elementor-column-gap-default\">\n\t\t\t\t\t\t\t<div class=\"elementor-row\">\n\t\t\t\t\t<div class=\"elementor-column elementor-col-100 elementor-top-column elementor-element elementor-element-456ed6b7\" data-id=\"456ed6b7\" data-element_type=\"column\">\n\t\t\t<div class=\"elementor-column-wrap elementor-element-populated\">\n\t\t\t\t\t\t\t<div class=\"elementor-widget-wrap\">\n\t\t\t\t\t\t<div class=\"elementor-element elementor-element-f1c553 elementor-widget elementor-widget-text-editor\" data-id=\"f1c553\" data-element_type=\"widget\" data-widget_type=\"text-editor.default\">\n\t\t\t\t<div class=\"elementor-widget-container\">\n\t\t\t\t\t\t\t\t<div class=\"elementor-text-editor elementor-clearfix\">\n\t\t\t\t<p><!-- wp:paragraph --><\/p>\n<p style=\"text-align: left;\">Wir arbeiten mit den gr\u00f6\u00dften Netzbetreibern Vodafone, der deutschen Telekom,<br \/>O2 Telefonica und Unitymedia zusammen. Daher sind wir in der Lage<br \/>v\u00f6llig unabh\u00e4ngig von einem bestimmten Anbieter, f\u00fcr unsere Kunden die<br \/>perfekte L\u00f6sung mit dem maximalen Mehrwert zu finden.<\/p>\n<p><!-- \/wp:paragraph --><\/p>\n<p><!-- wp:separator --><\/p>\n<hr class=\"wp-block-separator\" \/>\n<p><!-- \/wp:separator --><\/p>\n<p><!-- wp:paragraph --><\/p>\n<p>Von allen Netzbetreibern<br \/><strong>nur das Beste<\/strong><\/p>\n<p><!-- \/wp:paragraph --><\/p>\n<p><!-- wp:image --><\/p>\n<figure class=\"wp-block-image\"><img decoding=\"async\" class=\"alignleft\" src=\"https:\/\/www.kessler-verbindet.de\/fileadmin\/user_upload\/kessler-verbindet.de\/de\/Unternehmen\/unternehmen_vodafone.jpg\" alt=\"\" \/>\n<figure class=\"wp-block-image\"><img loading=\"lazy\" decoding=\"async\" class=\"alignright\" src=\"https:\/\/www.kessler-verbindet.de\/fileadmin\/user_upload\/kessler-verbindet.de\/de\/Unternehmen\/unternehmen_telekom.jpg\" alt=\"\" width=\"204\" height=\"41\" \/><\/figure>\n<figure class=\"wp-block-image\"><\/figure>\n<\/figure>\n<p><!-- \/wp:image --><\/p>\n<p><!-- wp:image --><\/p>\n<figure class=\"wp-block-image\"><\/figure>\n<p><!-- \/wp:image --><\/p>\n<p><!-- wp:image --><\/p>\n<figure class=\"wp-block-image\"><img decoding=\"async\" class=\"alignleft\" src=\"https:\/\/www.kessler-verbindet.de\/fileadmin\/user_upload\/kessler-verbindet.de\/de\/Unternehmen\/unternehmen_kabelbw.jpg\" alt=\"\" \/><\/figure>\n<p><!-- \/wp:image --><\/p>\n<p><!-- wp:image --><\/p>\n<figure class=\"wp-block-image\"><img loading=\"lazy\" decoding=\"async\" class=\"irc_mi\" src=\"https:\/\/i2.wp.com\/stadt-bremerhaven.de\/wp-content\/uploads\/2018\/01\/o2-logo-gro%C3%9F-2018.jpg?ssl=1\" alt=\"Bildergebnis f\u00fcr o2\" width=\"142\" height=\"80\" data-iml=\"1556198115178\" \/><\/figure>\n<p>\u00a0<\/p>\n<p><!-- \/wp:image --><\/p>\n<p><!-- wp:image --><\/p>\n<figure class=\"wp-block-image\"><\/figure>\n<p><!-- \/wp:image --><\/p>\n<p><!-- wp:image --><\/p>\n<figure class=\"wp-block-image\"><\/figure>\n<p><!-- \/wp:image --><\/p>\n<p><!-- wp:separator --><\/p>\n<hr class=\"wp-block-separator\" \/>\n<p><!-- \/wp:separator --><\/p>\n<p><!-- wp:paragraph --><\/p>\n<p>Die beste Hardware<br \/><strong>von den besten Herstellern<\/strong><\/p>\n<p><!-- \/wp:paragraph --><\/p>\n<p><!-- wp:image --><\/p>\n<figure class=\"wp-block-image\"><img decoding=\"async\" class=\"alignright\" src=\"https:\/\/www.kessler-verbindet.de\/fileadmin\/user_upload\/kessler-verbindet.de\/de\/Unternehmen\/hersteller\/unternehmen_htc.jpg\" alt=\"\" \/><\/figure>\n<p><!-- \/wp:image --><\/p>\n<p><!-- wp:image --><\/p>\n<figure class=\"wp-block-image\"><img decoding=\"async\" class=\"alignleft\" src=\"https:\/\/www.kessler-verbindet.de\/fileadmin\/user_upload\/kessler-verbindet.de\/de\/Unternehmen\/hersteller\/unternehmen_nokia.jpg\" alt=\"\" \/><\/figure>\n<p><!-- \/wp:image --><\/p>\n<p><!-- wp:image --><\/p>\n<figure class=\"wp-block-image\"><img decoding=\"async\" class=\"aligncenter\" src=\"https:\/\/www.kessler-verbindet.de\/fileadmin\/user_upload\/kessler-verbindet.de\/de\/Unternehmen\/hersteller\/unternehmen_sony.jpg\" alt=\"\" \/><\/figure>\n<p><img loading=\"lazy\" decoding=\"async\" class=\"irc_mi aligncenter\" src=\"https:\/\/etree.de\/wp-content\/uploads\/2018\/09\/huawei-logo-etree.jpg\" alt=\"Bildergebnis f\u00fcr huawei logo\" width=\"236\" height=\"236\" data-iml=\"1556198270270\" \/><\/p>\n<p><!-- \/wp:image --><\/p>\n<p><!-- wp:image --><\/p>\n<figure class=\"wp-block-image\"><img decoding=\"async\" class=\"alignleft\" src=\"https:\/\/www.kessler-verbindet.de\/fileadmin\/user_upload\/kessler-verbindet.de\/de\/Unternehmen\/hersteller\/unternehmen_samsung.jpg\" alt=\"\" \/><\/figure>\n<p><!-- \/wp:image --><\/p>\n<p><!-- wp:image --><\/p>\n<figure class=\"wp-block-image\"><\/figure>\n<p><!-- \/wp:image --><\/p>\n<p><!-- wp:image --><\/p>\n<figure class=\"wp-block-image\"><\/figure>\n<p><!-- \/wp:image --><\/p>\n<p><!-- wp:image --><\/p>\n<figure class=\"wp-block-image\"><\/figure>\n<p><!-- \/wp:image --><\/p>\n<p><!-- wp:image --><\/p>\n<figure class=\"wp-block-image\"><img decoding=\"async\" class=\"alignright\" src=\"https:\/\/www.kessler-verbindet.de\/fileadmin\/user_upload\/kessler-verbindet.de\/de\/Unternehmen\/hersteller\/unternehmen_apple.jpg\" alt=\"\" \/><\/figure>\n<p><!-- \/wp:image --><\/p>\t\t\t\t\t<\/div>\n\t\t\t\t\t\t<\/div>\n\t\t\t\t<\/div>\n\t\t\t\t\t\t<\/div>\n\t\t\t\t\t<\/div>\n\t\t<\/div>\n\t\t\t\t\t\t\t\t<\/div>\n\t\t\t\t\t<\/div>\n\t\t<\/section>\n\t\t\t\t\t\t\t\t\t<\/div>\n\t\t\t<\/div>\n\t\t\t\t\t<\/div>\n\t\t","protected":false},"excerpt":{"rendered":"<p>Wir arbeiten mit den gr\u00f6\u00dften Netzbetreibern Vodafone, der deutschen Telekom,O2 Telefonica und Unitymedia zusammen. Daher sind wir in der Lagev\u00f6llig unabh\u00e4ngig von einem bestimmten Anbieter, f\u00fcr unsere Kunden dieperfekte L\u00f6sung mit dem maximalen Mehrwert zu finden. Von allen Netzbetreibernnur das Beste Die beste Hardwarevon den besten Herstellern<\/p>\n","protected":false},"author":1,"featured_media":0,"parent":0,"menu_order":0,"comment_status":"closed","ping_status":"closed","template":"","meta":{"footnotes":""},"class_list":["post-53","page","type-page","status-publish","hentry"],"_links":{"self":[{"href":"https:\/\/cosmo-tel.de\/index.php?rest_route=\/wp\/v2\/pages\/53","targetHints":{"allow":["GET"]}}],"collection":[{"href":"https:\/\/cosmo-tel.de\/index.php?rest_route=\/wp\/v2\/pages"}],"about":[{"href":"https:\/\/cosmo-tel.de\/index.php?rest_route=\/wp\/v2\/types\/page"}],"author":[{"embeddable":true,"href":"https:\/\/cosmo-tel.de\/index.php?rest_route=\/wp\/v2\/users\/1"}],"replies":[{"embeddable":true,"href":"https:\/\/cosmo-tel.de\/index.php?rest_route=%2Fwp%2Fv2%2Fcomments&post=53"}],"version-history":[{"count":4,"href":"https:\/\/cosmo-tel.de\/index.php?rest_route=\/wp\/v2\/pages\/53\/revisions"}],"predecessor-version":[{"id":245,"href":"https:\/\/cosmo-tel.de\/index.php?rest_route=\/wp\/v2\/pages\/53\/revisions\/245"}],"wp:attachment":[{"href":"https:\/\/cosmo-tel.de\/index.php?rest_route=%2Fwp%2Fv2%2Fmedia&parent=53"}],"curies":[{"name":"wp","href":"https:\/\/api.w.org\/{rel}","templated":true}]}}