{"id":59,"date":"2019-03-27T16:31:55","date_gmt":"2019-03-27T16:31:55","guid":{"rendered":"https:\/\/cosmo-tel.padia.de\/?page_id=59"},"modified":"2019-04-26T13:41:00","modified_gmt":"2019-04-26T13:41:00","slug":"internet","status":"publish","type":"page","link":"https:\/\/cosmo-tel.de\/?page_id=59","title":{"rendered":"Internet"},"content":{"rendered":"\t\t<div data-elementor-type=\"wp-post\" data-elementor-id=\"59\" class=\"elementor elementor-59\">\n\t\t\t\t\t\t<div class=\"elementor-inner\">\n\t\t\t\t<div class=\"elementor-section-wrap\">\n\t\t\t\t\t\t\t\t\t<section class=\"elementor-section elementor-top-section elementor-element elementor-element-9048487 elementor-section-boxed elementor-section-height-default elementor-section-height-default\" data-id=\"9048487\" data-element_type=\"section\">\n\t\t\t\t\t\t<div class=\"elementor-container elementor-column-gap-default\">\n\t\t\t\t\t\t\t<div class=\"elementor-row\">\n\t\t\t\t\t<div class=\"elementor-column elementor-col-100 elementor-top-column elementor-element elementor-element-48cce23\" data-id=\"48cce23\" data-element_type=\"column\">\n\t\t\t<div class=\"elementor-column-wrap elementor-element-populated\">\n\t\t\t\t\t\t\t<div class=\"elementor-widget-wrap\">\n\t\t\t\t\t\t\t\t<\/div>\n\t\t\t\t\t<\/div>\n\t\t<\/div>\n\t\t\t\t\t\t\t\t<\/div>\n\t\t\t\t\t<\/div>\n\t\t<\/section>\n\t\t\t\t<section class=\"elementor-section elementor-top-section elementor-element elementor-element-e767705 elementor-section-boxed elementor-section-height-default elementor-section-height-default\" data-id=\"e767705\" data-element_type=\"section\">\n\t\t\t\t\t\t<div class=\"elementor-container elementor-column-gap-default\">\n\t\t\t\t\t\t\t<div class=\"elementor-row\">\n\t\t\t\t\t<div class=\"elementor-column elementor-col-100 elementor-top-column elementor-element elementor-element-543ce32\" data-id=\"543ce32\" data-element_type=\"column\">\n\t\t\t<div class=\"elementor-column-wrap elementor-element-populated\">\n\t\t\t\t\t\t\t<div class=\"elementor-widget-wrap\">\n\t\t\t\t\t\t<div class=\"elementor-element elementor-element-85614d9 elementor-widget elementor-widget-text-editor\" data-id=\"85614d9\" data-element_type=\"widget\" data-widget_type=\"text-editor.default\">\n\t\t\t\t<div class=\"elementor-widget-container\">\n\t\t\t\t\t\t\t\t<div class=\"elementor-text-editor elementor-clearfix\">\n\t\t\t\t<p><b>Internet<\/b>\u00a0<\/p><p>Individuelle Beratung, Leitungspr\u00fcfung nach Verf\u00fcgbarkeit der Internet Geschwindigkeiten, Anschluss Beantragung \u00fcber Telekom,O2, Unitymedia und Vodafone.<\/p><p><b>Mobiles Internet<\/b>\u00a0<br \/>Bei uns erhalten Sie auch L\u00f6sungen f\u00fcr Unterwegs. Sie sind oft unterwegs und m\u00f6chten mit Ihrem Laptop oder Tablet ins Internet? Bei uns bekommen Sie dazu die passende Tarifl\u00f6sungen, bei Bedarf auch inkl. Hardware.<\/p>\t\t\t\t\t<\/div>\n\t\t\t\t\t\t<\/div>\n\t\t\t\t<\/div>\n\t\t\t\t\t\t<\/div>\n\t\t\t\t\t<\/div>\n\t\t<\/div>\n\t\t\t\t\t\t\t\t<\/div>\n\t\t\t\t\t<\/div>\n\t\t<\/section>\n\t\t\t\t\t\t\t\t\t<\/div>\n\t\t\t<\/div>\n\t\t\t\t\t<\/div>\n\t\t","protected":false},"excerpt":{"rendered":"<p>Internet\u00a0 Individuelle Beratung, Leitungspr\u00fcfung nach Verf\u00fcgbarkeit der Internet Geschwindigkeiten, Anschluss Beantragung \u00fcber Telekom,O2, Unitymedia und Vodafone. Mobiles Internet\u00a0Bei uns erhalten Sie auch L\u00f6sungen f\u00fcr Unterwegs. Sie sind oft unterwegs und m\u00f6chten mit Ihrem Laptop oder Tablet ins Internet? Bei uns bekommen Sie dazu die passende Tarifl\u00f6sungen, bei Bedarf auch inkl. Hardware.<\/p>\n","protected":false},"author":1,"featured_media":0,"parent":0,"menu_order":0,"comment_status":"closed","ping_status":"closed","template":"","meta":{"footnotes":""},"class_list":["post-59","page","type-page","status-publish","hentry"],"_links":{"self":[{"href":"https:\/\/cosmo-tel.de\/index.php?rest_route=\/wp\/v2\/pages\/59","targetHints":{"allow":["GET"]}}],"collection":[{"href":"https:\/\/cosmo-tel.de\/index.php?rest_route=\/wp\/v2\/pages"}],"about":[{"href":"https:\/\/cosmo-tel.de\/index.php?rest_route=\/wp\/v2\/types\/page"}],"author":[{"embeddable":true,"href":"https:\/\/cosmo-tel.de\/index.php?rest_route=\/wp\/v2\/users\/1"}],"replies":[{"embeddable":true,"href":"https:\/\/cosmo-tel.de\/index.php?rest_route=%2Fwp%2Fv2%2Fcomments&post=59"}],"version-history":[{"count":4,"href":"https:\/\/cosmo-tel.de\/index.php?rest_route=\/wp\/v2\/pages\/59\/revisions"}],"predecessor-version":[{"id":266,"href":"https:\/\/cosmo-tel.de\/index.php?rest_route=\/wp\/v2\/pages\/59\/revisions\/266"}],"wp:attachment":[{"href":"https:\/\/cosmo-tel.de\/index.php?rest_route=%2Fwp%2Fv2%2Fmedia&parent=59"}],"curies":[{"name":"wp","href":"https:\/\/api.w.org\/{rel}","templated":true}]}}