{"id":72,"date":"2019-03-27T16:51:15","date_gmt":"2019-03-27T16:51:15","guid":{"rendered":"https:\/\/cosmo-tel.padia.de\/?page_id=72"},"modified":"2019-04-26T15:04:08","modified_gmt":"2019-04-26T15:04:08","slug":"kundendienst","status":"publish","type":"page","link":"https:\/\/cosmo-tel.de\/?page_id=72","title":{"rendered":"Kundendienst"},"content":{"rendered":"\t\t<div data-elementor-type=\"wp-post\" data-elementor-id=\"72\" class=\"elementor elementor-72\">\n\t\t\t\t\t\t<div class=\"elementor-inner\">\n\t\t\t\t<div class=\"elementor-section-wrap\">\n\t\t\t\t\t\t\t\t\t<section class=\"elementor-section elementor-top-section elementor-element elementor-element-fae734e elementor-section-boxed elementor-section-height-default elementor-section-height-default\" data-id=\"fae734e\" data-element_type=\"section\">\n\t\t\t\t\t\t<div class=\"elementor-container elementor-column-gap-default\">\n\t\t\t\t\t\t\t<div class=\"elementor-row\">\n\t\t\t\t\t<div class=\"elementor-column elementor-col-100 elementor-top-column elementor-element elementor-element-e34c5cd\" data-id=\"e34c5cd\" data-element_type=\"column\">\n\t\t\t<div class=\"elementor-column-wrap elementor-element-populated\">\n\t\t\t\t\t\t\t<div class=\"elementor-widget-wrap\">\n\t\t\t\t\t\t<div class=\"elementor-element elementor-element-ba4f180 elementor-widget elementor-widget-text-editor\" data-id=\"ba4f180\" data-element_type=\"widget\" data-widget_type=\"text-editor.default\">\n\t\t\t\t<div class=\"elementor-widget-container\">\n\t\t\t\t\t\t\t\t<div class=\"elementor-text-editor elementor-clearfix\">\n\t\t\t\t<div class=\"container\"><div class=\"col-md-offset-1 col-md-10\"><h2 class=\"text-align_center borderdheadline\">Immer im Dienst des Kunden:<\/h2><\/div><\/div><div id=\"c119\" class=\"csc-default\"><article class=\"container\"><div class=\"default\"><div class=\"col-md-10 col-md-offset-1 col-lg-10 col-lg-offset-1\"><div class=\"row\"><div class=\"col-xs-12 col-sm-12 col-md-12 col-lg-12\"><div id=\"c108\" class=\"csc-default\"><p class=\"bodytext\">Mit optimalen L\u00f6sungen\u00a0<b>f\u00fcr individuelle Anspr\u00fcche<\/b><\/p><p>\u00a0<\/p><\/div><div id=\"c957\" class=\"csc-default\"><p class=\"bodytext\">Wir haben f\u00fcr jedes Thema den richtigen Ansprechpartner und die optimale L\u00f6sung \u2013 ganz egal, ob es um eine neue Telefonanlage, Festnetzanbindung, Datenl\u00f6sung oder Smart-Phones f\u00fcr Ihr Unternehmen geht.<\/p><p class=\"bodytext\">Wir arbeiten mit den gr\u00f6\u00dften Netzbetreibern zusammen: Vodafone, der deutschen Telekom, O2 Telefonica und Unitymedia. Deshalb sind wir jederzeit in der Lage, f\u00fcr unsere Kunden die perfekte L\u00f6sung zu finden \u2013 v\u00f6llig unabh\u00e4ngig von einem bestimmten Anbieter und mit maximalem Mehrwert.<\/p><\/div><\/div><\/div><\/div><\/div><\/article><\/div>\t\t\t\t\t<\/div>\n\t\t\t\t\t\t<\/div>\n\t\t\t\t<\/div>\n\t\t\t\t\t\t<\/div>\n\t\t\t\t\t<\/div>\n\t\t<\/div>\n\t\t\t\t\t\t\t\t<\/div>\n\t\t\t\t\t<\/div>\n\t\t<\/section>\n\t\t\t\t\t\t\t\t\t<\/div>\n\t\t\t<\/div>\n\t\t\t\t\t<\/div>\n\t\t","protected":false},"excerpt":{"rendered":"<p>Immer im Dienst des Kunden: Mit optimalen L\u00f6sungen\u00a0f\u00fcr individuelle Anspr\u00fcche \u00a0 Wir haben f\u00fcr jedes Thema den richtigen Ansprechpartner und die optimale L\u00f6sung \u2013 ganz egal, ob es um eine neue Telefonanlage, Festnetzanbindung, Datenl\u00f6sung oder Smart-Phones f\u00fcr Ihr Unternehmen geht. Wir arbeiten mit den gr\u00f6\u00dften Netzbetreibern zusammen: Vodafone, der deutschen Telekom, O2 Telefonica und Unitymedia.<\/p><\/div>\n<div class=\"blog-btn\"><a href=\"https:\/\/cosmo-tel.de\/?page_id=72\" class=\"home-blog-btn\">Weiterlesen<\/a><\/p>\n","protected":false},"author":1,"featured_media":0,"parent":0,"menu_order":0,"comment_status":"closed","ping_status":"closed","template":"","meta":{"footnotes":""},"class_list":["post-72","page","type-page","status-publish","hentry"],"_links":{"self":[{"href":"https:\/\/cosmo-tel.de\/index.php?rest_route=\/wp\/v2\/pages\/72","targetHints":{"allow":["GET"]}}],"collection":[{"href":"https:\/\/cosmo-tel.de\/index.php?rest_route=\/wp\/v2\/pages"}],"about":[{"href":"https:\/\/cosmo-tel.de\/index.php?rest_route=\/wp\/v2\/types\/page"}],"author":[{"embeddable":true,"href":"https:\/\/cosmo-tel.de\/index.php?rest_route=\/wp\/v2\/users\/1"}],"replies":[{"embeddable":true,"href":"https:\/\/cosmo-tel.de\/index.php?rest_route=%2Fwp%2Fv2%2Fcomments&post=72"}],"version-history":[{"count":2,"href":"https:\/\/cosmo-tel.de\/index.php?rest_route=\/wp\/v2\/pages\/72\/revisions"}],"predecessor-version":[{"id":291,"href":"https:\/\/cosmo-tel.de\/index.php?rest_route=\/wp\/v2\/pages\/72\/revisions\/291"}],"wp:attachment":[{"href":"https:\/\/cosmo-tel.de\/index.php?rest_route=%2Fwp%2Fv2%2Fmedia&parent=72"}],"curies":[{"name":"wp","href":"https:\/\/api.w.org\/{rel}","templated":true}]}}