{"id":79,"date":"2019-03-27T16:52:57","date_gmt":"2019-03-27T16:52:57","guid":{"rendered":"https:\/\/cosmo-tel.padia.de\/?page_id=79"},"modified":"2019-05-02T15:29:04","modified_gmt":"2019-05-02T15:29:04","slug":"unser-service","status":"publish","type":"page","link":"https:\/\/cosmo-tel.de\/?page_id=79","title":{"rendered":"Unser Service"},"content":{"rendered":"\t\t<div data-elementor-type=\"wp-post\" data-elementor-id=\"79\" class=\"elementor elementor-79\">\n\t\t\t\t\t\t<div class=\"elementor-inner\">\n\t\t\t\t<div class=\"elementor-section-wrap\">\n\t\t\t\t\t\t\t\t\t<section class=\"elementor-section elementor-top-section elementor-element elementor-element-068e6d4 elementor-section-boxed elementor-section-height-default elementor-section-height-default\" data-id=\"068e6d4\" data-element_type=\"section\">\n\t\t\t\t\t\t<div class=\"elementor-container elementor-column-gap-default\">\n\t\t\t\t\t\t\t<div class=\"elementor-row\">\n\t\t\t\t\t<div class=\"elementor-column elementor-col-100 elementor-top-column elementor-element elementor-element-83554aa\" data-id=\"83554aa\" data-element_type=\"column\">\n\t\t\t<div class=\"elementor-column-wrap elementor-element-populated\">\n\t\t\t\t\t\t\t<div class=\"elementor-widget-wrap\">\n\t\t\t\t\t\t<div class=\"elementor-element elementor-element-52c9a38 elementor-widget elementor-widget-text-editor\" data-id=\"52c9a38\" data-element_type=\"widget\" data-widget_type=\"text-editor.default\">\n\t\t\t\t<div class=\"elementor-widget-container\">\n\t\t\t\t\t\t\t\t<div class=\"elementor-text-editor elementor-clearfix\">\n\t\t\t\t<div id=\"c910\" class=\"csc-default\"><div class=\"box outer bg-primary\"><div class=\"inner\"><div id=\"c909\" class=\"csc-default\"><div class=\"image-center image-above\"><div class=\"image-wrap\"><div class=\"image-center-outer\"><div class=\"image-center-inner\"><figure class=\"image\"><figcaption class=\"caption\">Reparaturen<\/figcaption><\/figure><\/div><\/div><\/div><\/div><\/div><\/div><\/div><\/div><div id=\"c913\" class=\"csc-default\"><ul><li>Als Kunde erhalten Sie auf jedes bei uns gekaufte Smartphone 2 Jahre Gew\u00e4hrleistung (au\u00dfer bei Apple-Produkten).<\/li><li>Im Schadensfall schicken wir jedes Smartphone kostenlos bei einer zertifizierten Reparaturfirma ein.<\/li><\/ul><\/div>\t\t\t\t\t<\/div>\n\t\t\t\t\t\t<\/div>\n\t\t\t\t<\/div>\n\t\t\t\t\t\t<\/div>\n\t\t\t\t\t<\/div>\n\t\t<\/div>\n\t\t\t\t\t\t\t\t<\/div>\n\t\t\t\t\t<\/div>\n\t\t<\/section>\n\t\t\t\t<section class=\"elementor-section elementor-top-section elementor-element elementor-element-9e43c3c elementor-section-boxed elementor-section-height-default elementor-section-height-default\" data-id=\"9e43c3c\" data-element_type=\"section\">\n\t\t\t\t\t\t<div class=\"elementor-container elementor-column-gap-default\">\n\t\t\t\t\t\t\t<div class=\"elementor-row\">\n\t\t\t\t\t<div class=\"elementor-column elementor-col-100 elementor-top-column elementor-element elementor-element-1b0f9ea\" data-id=\"1b0f9ea\" data-element_type=\"column\">\n\t\t\t<div class=\"elementor-column-wrap elementor-element-populated\">\n\t\t\t\t\t\t\t<div class=\"elementor-widget-wrap\">\n\t\t\t\t\t\t<div class=\"elementor-element elementor-element-d2cedf6 elementor-widget elementor-widget-text-editor\" data-id=\"d2cedf6\" data-element_type=\"widget\" data-widget_type=\"text-editor.default\">\n\t\t\t\t<div class=\"elementor-widget-container\">\n\t\t\t\t\t\t\t\t<div class=\"elementor-text-editor elementor-clearfix\">\n\t\t\t\t<div id=\"c912\" class=\"csc-default\"><div class=\"box outer bg-primary\"><div class=\"inner\"><div id=\"c911\" class=\"csc-default\"><div class=\"image-center image-above\"><div class=\"image-wrap\"><div class=\"image-center-outer\"><div class=\"image-center-inner\"><figure class=\"image\"><figcaption class=\"caption\">Daten\u00fcbertragung<\/figcaption><\/figure><\/div><\/div><\/div><\/div><\/div><\/div><\/div><\/div><div id=\"c914\" class=\"csc-default\"><ul><li>Kennen Sie das? Sie haben ein neues Handy und m\u00fcssen alle wichtigen Daten vom alten Handy m\u00fchsam auf das neue Smartphone kopieren. Das war gestern! Wir kopieren f\u00fcr Sie alle Daten (Kontakte, Fotos, Videos &amp; Musik) vom Alt-Handy auf das Neue. Die Daten\u00fcbertragung ist f\u00fcr CosmoTel-Kunden selbstverst\u00e4ndlich kostenlos! Nicht-CosmoTel-Kunden kostet dieser Service 30 \u20ac.<\/li><\/ul><\/div>\t\t\t\t\t<\/div>\n\t\t\t\t\t\t<\/div>\n\t\t\t\t<\/div>\n\t\t\t\t\t\t<\/div>\n\t\t\t\t\t<\/div>\n\t\t<\/div>\n\t\t\t\t\t\t\t\t<\/div>\n\t\t\t\t\t<\/div>\n\t\t<\/section>\n\t\t\t\t<section class=\"elementor-section elementor-top-section elementor-element elementor-element-966069e elementor-section-boxed elementor-section-height-default elementor-section-height-default\" data-id=\"966069e\" data-element_type=\"section\">\n\t\t\t\t\t\t<div class=\"elementor-container elementor-column-gap-default\">\n\t\t\t\t\t\t\t<div class=\"elementor-row\">\n\t\t\t\t\t<div class=\"elementor-column elementor-col-100 elementor-top-column elementor-element elementor-element-924ccd9\" data-id=\"924ccd9\" data-element_type=\"column\">\n\t\t\t<div class=\"elementor-column-wrap elementor-element-populated\">\n\t\t\t\t\t\t\t<div class=\"elementor-widget-wrap\">\n\t\t\t\t\t\t<div class=\"elementor-element elementor-element-35423b7 elementor-widget elementor-widget-text-editor\" data-id=\"35423b7\" data-element_type=\"widget\" data-widget_type=\"text-editor.default\">\n\t\t\t\t<div class=\"elementor-widget-container\">\n\t\t\t\t\t\t\t\t<div class=\"elementor-text-editor elementor-clearfix\">\n\t\t\t\t<div id=\"c923\" class=\"csc-default\"><div class=\"box outer bg-primary\"><div class=\"inner\"><div id=\"c922\" class=\"csc-default\"><div class=\"image-center image-above\"><div class=\"image-wrap\"><div class=\"image-center-outer\"><div class=\"image-center-inner\"><figure class=\"image\"><figcaption class=\"caption\">Tarifoptimierung<\/figcaption><\/figure><\/div><\/div><\/div><\/div><\/div><\/div><\/div><\/div><div id=\"c924\" class=\"csc-default\"><ul><li>Sie wollen so richtig sparen? Dann besuchen Sie noch heute unseren Shop. Bei uns erhalten Sie eine kostenlose Tarifberatung bei der Sie erfahren, wie Sie durch die richtige Kombination der einzelnen Produkte sparen k\u00f6nnen!<\/li><li>Au\u00dferdem k\u00f6nnen wir durch die genaue Betrachtung Ihres Verbrauchs das Produkt bzw. den Tarif finden, der am Besten zu Ihnen und Ihren Anspr\u00fcchen passt. Am besten gleich vorbei kommen und Ihre Mobilfunk-, Festnetz\/ DSL- und TV-Rechnung mitbringen.<\/li><\/ul><\/div>\t\t\t\t\t<\/div>\n\t\t\t\t\t\t<\/div>\n\t\t\t\t<\/div>\n\t\t\t\t\t\t<\/div>\n\t\t\t\t\t<\/div>\n\t\t<\/div>\n\t\t\t\t\t\t\t\t<\/div>\n\t\t\t\t\t<\/div>\n\t\t<\/section>\n\t\t\t\t<section class=\"elementor-section elementor-top-section elementor-element elementor-element-748cc9c elementor-section-boxed elementor-section-height-default elementor-section-height-default\" data-id=\"748cc9c\" data-element_type=\"section\">\n\t\t\t\t\t\t<div class=\"elementor-container elementor-column-gap-default\">\n\t\t\t\t\t\t\t<div class=\"elementor-row\">\n\t\t\t\t\t<div class=\"elementor-column elementor-col-100 elementor-top-column elementor-element elementor-element-c8fbc37\" data-id=\"c8fbc37\" data-element_type=\"column\">\n\t\t\t<div class=\"elementor-column-wrap elementor-element-populated\">\n\t\t\t\t\t\t\t<div class=\"elementor-widget-wrap\">\n\t\t\t\t\t\t<div class=\"elementor-element elementor-element-4231f75 elementor-widget elementor-widget-text-editor\" data-id=\"4231f75\" data-element_type=\"widget\" data-widget_type=\"text-editor.default\">\n\t\t\t\t<div class=\"elementor-widget-container\">\n\t\t\t\t\t\t\t\t<div class=\"elementor-text-editor elementor-clearfix\">\n\t\t\t\t<div id=\"c916\" class=\"csc-default\"><div class=\"box outer bg-primary\"><div class=\"inner\"><div id=\"c1572\" class=\"csc-default\"><div class=\"image-center image-above\"><div class=\"image-wrap\"><div class=\"image-center-outer\"><div class=\"image-center-inner\"><figure class=\"image\"><figcaption class=\"caption\">Bestandskundenmanagement<\/figcaption><\/figure><\/div><\/div><\/div><\/div><\/div><\/div><\/div><\/div><div id=\"c1574\" class=\"csc-default\"><ul><li>Wir informieren unsere Kunden rechtzeitig dar\u00fcber, wenn sich die Mindestvertragslaufzeit ihres Tarifes dem Ende n\u00e4hert und gegebenenfalls Handlungsbedarf besteht, damit Ihr die M\u00f6glichkeit auf eine Tarifoptimierung, einen Anbieterwechsel oder ein neues Smartphone zum Neuvertragspreis nicht verpasst.<\/li><\/ul><\/div>\t\t\t\t\t<\/div>\n\t\t\t\t\t\t<\/div>\n\t\t\t\t<\/div>\n\t\t\t\t\t\t<\/div>\n\t\t\t\t\t<\/div>\n\t\t<\/div>\n\t\t\t\t\t\t\t\t<\/div>\n\t\t\t\t\t<\/div>\n\t\t<\/section>\n\t\t\t\t\t\t\t\t\t<\/div>\n\t\t\t<\/div>\n\t\t\t\t\t<\/div>\n\t\t","protected":false},"excerpt":{"rendered":"<p>Reparaturen Als Kunde erhalten Sie auf jedes bei uns gekaufte Smartphone 2 Jahre Gew\u00e4hrleistung (au\u00dfer bei Apple-Produkten). Im Schadensfall schicken wir jedes Smartphone kostenlos bei einer zertifizierten Reparaturfirma ein. Daten\u00fcbertragung Kennen Sie das? Sie haben ein neues Handy und m\u00fcssen alle wichtigen Daten vom alten Handy m\u00fchsam auf das neue Smartphone kopieren. Das war gestern!<\/p><\/div>\n<div class=\"blog-btn\"><a href=\"https:\/\/cosmo-tel.de\/?page_id=79\" class=\"home-blog-btn\">Weiterlesen<\/a><\/p>\n","protected":false},"author":1,"featured_media":0,"parent":0,"menu_order":0,"comment_status":"closed","ping_status":"closed","template":"","meta":{"footnotes":""},"class_list":["post-79","page","type-page","status-publish","hentry"],"_links":{"self":[{"href":"https:\/\/cosmo-tel.de\/index.php?rest_route=\/wp\/v2\/pages\/79","targetHints":{"allow":["GET"]}}],"collection":[{"href":"https:\/\/cosmo-tel.de\/index.php?rest_route=\/wp\/v2\/pages"}],"about":[{"href":"https:\/\/cosmo-tel.de\/index.php?rest_route=\/wp\/v2\/types\/page"}],"author":[{"embeddable":true,"href":"https:\/\/cosmo-tel.de\/index.php?rest_route=\/wp\/v2\/users\/1"}],"replies":[{"embeddable":true,"href":"https:\/\/cosmo-tel.de\/index.php?rest_route=%2Fwp%2Fv2%2Fcomments&post=79"}],"version-history":[{"count":4,"href":"https:\/\/cosmo-tel.de\/index.php?rest_route=\/wp\/v2\/pages\/79\/revisions"}],"predecessor-version":[{"id":319,"href":"https:\/\/cosmo-tel.de\/index.php?rest_route=\/wp\/v2\/pages\/79\/revisions\/319"}],"wp:attachment":[{"href":"https:\/\/cosmo-tel.de\/index.php?rest_route=%2Fwp%2Fv2%2Fmedia&parent=79"}],"curies":[{"name":"wp","href":"https:\/\/api.w.org\/{rel}","templated":true}]}}